{"id":6635,"date":"2019-05-10T14:40:15","date_gmt":"2019-05-10T14:40:15","guid":{"rendered":"http:\/\/impreza.us-themes.com\/?page_id=6635"},"modified":"2019-12-12T10:26:46","modified_gmt":"2019-12-12T09:26:46","slug":"home","status":"publish","type":"page","link":"https:\/\/jarzynscy.pl\/","title":{"rendered":"O firmie"},"content":{"rendered":"<section class=\"l-section wpb_row height_full valign_top width_full mobilny\"><div class=\"l-section-h i-cf\"><div class=\"g-cols vc_row type_default valign_top\"><div class=\"vc_col-sm-12 wpb_column vc_column_container\"><div class=\"vc_column-inner\"><div class=\"wpb_wrapper\">\n\t\t\t<!-- START Slider paleta 1 REVOLUTION SLIDER 6.1.3 --><p class=\"rs-p-wp-fix\"><\/p>\n\t\t\t<rs-module-wrap id=\"rev_slider_3_1_wrapper\" data-source=\"gallery\" style=\"background:transparent;padding:0;margin:0px auto;margin-top:0;margin-bottom:0;\">\n\t\t\t\t<rs-module id=\"rev_slider_3_1\" style=\"display:none;\" data-version=\"6.1.3\">\n\t\t\t\t\t<rs-slides>\n\t\t\t\t\t\t<rs-slide data-key=\"rs-3\" data-title=\"Slide\" data-anim=\"ei:d;eo:d;s:1000;r:0;t:fade;sl:0;\">\n\t\t\t\t\t\t\t<img loading=\"lazy\" decoding=\"async\" src=\"\/\/jarzynscy.pl\/wp-content\/uploads\/2019\/11\/used-palletsciemne.jpg\" title=\"Stock wooden pallets\" width=\"2000\" height=\"1333\" class=\"rev-slidebg\" data-no-retina>\n<!--\n\t\t\t\t\t\t\t--><rs-layer\n\t\t\t\t\t\t\t\tid=\"slider-3-slide-3-layer-0\" \n\t\t\t\t\t\t\t\tdata-type=\"text\"\n\t\t\t\t\t\t\t\tdata-color=\"#fff\"\n\t\t\t\t\t\t\t\tdata-rsp_ch=\"on\"\n\t\t\t\t\t\t\t\tdata-xy=\"xo:-58px;yo:175px;\"\n\t\t\t\t\t\t\t\tdata-text=\"w:normal;s:37;l:45;fw:900;a:center;\"\n\t\t\t\t\t\t\t\tdata-dim=\"w:604px;h:#1\/3#;minh:0,0,0,none;\"\n\t\t\t\t\t\t\t\tdata-frame_0=\"x:-100%;\"\n\t\t\t\t\t\t\t\tdata-frame_0_mask=\"u:t;\"\n\t\t\t\t\t\t\t\tdata-frame_1=\"sp:2000;\"\n\t\t\t\t\t\t\t\tdata-frame_1_mask=\"u:t;\"\n\t\t\t\t\t\t\t\tdata-frame_999=\"o:0;st:w;\"\n\t\t\t\t\t\t\t\tstyle=\"z-index:5;font-family:Roboto;text-transform:uppercase;\"\n\t\t\t\t\t\t\t>Specjalizujemy si\u0119 <br \/>\nw produkcji palet drewnianych <br \/>\no nietypowych<br \/>\n wymiarach \n\t\t\t\t\t\t\t<\/rs-layer><!--\n-->\t\t\t\t\t\t<\/rs-slide>\n\t\t\t\t\t<\/rs-slides>\n\t\t\t\t\t<rs-progress class=\"rs-bottom\" style=\"visibility: hidden !important;\"><\/rs-progress>\n\t\t\t\t<\/rs-module>\n\t\t\t\t<script type=\"text\/javascript\">\n\t\t\t\t\tsetREVStartSize({c: 'rev_slider_3_1',rl:[1240,1240,1240,480],el:[720,720,720,720],gw:[480,480,480,480],gh:[720,720,720,720],layout:'fullwidth',mh:\"0\"});\n\t\t\t\t\tvar\trevapi3,\n\t\t\t\t\t\ttpj;\n\t\t\t\t\tjQuery(function() {\n\t\t\t\t\t\ttpj = jQuery;\n\t\t\t\t\t\tif(tpj(\"#rev_slider_3_1\").revolution == undefined){\n\t\t\t\t\t\t\trevslider_showDoubleJqueryError(\"#rev_slider_3_1\");\n\t\t\t\t\t\t}else{\n\t\t\t\t\t\t\trevapi3 = tpj(\"#rev_slider_3_1\").show().revolution({\n\t\t\t\t\t\t\t\tsliderType:\"hero\",\n\t\t\t\t\t\t\t\tjsFileLocation:\"\/\/jarzynscy.pl\/wp-content\/plugins\/revslider\/public\/assets\/js\/\",\n\t\t\t\t\t\t\t\tsliderLayout:\"fullwidth\",\n\t\t\t\t\t\t\t\tvisibilityLevels:\"1240,1240,1240,480\",\n\t\t\t\t\t\t\t\tgridwidth:\"480,480,480,480\",\n\t\t\t\t\t\t\t\tgridheight:\"720,720,720,720\",\n\t\t\t\t\t\t\t\tminHeight:\"\",\n\t\t\t\t\t\t\t\tspinner:\"spinner0\",\n\t\t\t\t\t\t\t\teditorheight:\"720,768,960,720\",\n\t\t\t\t\t\t\t\tresponsiveLevels:\"1240,1240,1240,480\",\n\t\t\t\t\t\t\t\tdisableProgressBar:\"on\",\n\t\t\t\t\t\t\t\tnavigation: {\n\t\t\t\t\t\t\t\t\tonHoverStop:false\n\t\t\t\t\t\t\t\t},\n\t\t\t\t\t\t\t\tfallbacks: {\n\t\t\t\t\t\t\t\t\tallowHTML5AutoPlayOnAndroid:true\n\t\t\t\t\t\t\t\t},\n\t\t\t\t\t\t\t});\n\t\t\t\t\t\t}\n\t\t\t\t\t\t\n\t\t\t\t\t});\n\t\t\t\t<\/script>\n\t\t\t<\/rs-module-wrap>\n\t\t\t<!-- END REVOLUTION SLIDER -->\n<\/div><\/div><\/div><\/div><\/div><\/section><section class=\"l-section wpb_row height_auto width_full desktopowy\"><div class=\"l-section-h i-cf\"><div class=\"g-cols vc_row type_default valign_top\"><div class=\"vc_col-sm-12 wpb_column vc_column_container\"><div class=\"vc_column-inner\"><div class=\"wpb_wrapper\">\n\t\t\t<!-- START Slider paleta REVOLUTION SLIDER 6.1.3 --><p class=\"rs-p-wp-fix\"><\/p>\n\t\t\t<rs-module-wrap id=\"rev_slider_2_2_wrapper\" data-source=\"gallery\" style=\"background:transparent;padding:0;margin:0px auto;margin-top:0;margin-bottom:0;\">\n\t\t\t\t<rs-module id=\"rev_slider_2_2\" style=\"display:none;\" data-version=\"6.1.3\">\n\t\t\t\t\t<rs-slides>\n\t\t\t\t\t\t<rs-slide data-key=\"rs-2\" data-title=\"Slide\" data-thumb=\"\/\/jarzynscy.pl\/wp-content\/uploads\/2019\/12\/slide-1-napis-z-prawej-strony-50x100.jpg\" data-anim=\"ei:d;eo:d;s:1000;r:0;t:fade;sl:0;\">\n\t\t\t\t\t\t\t<img loading=\"lazy\" decoding=\"async\" src=\"\/\/jarzynscy.pl\/wp-content\/uploads\/2019\/12\/slide-1-napis-z-prawej-strony.jpg\" title=\"slide-1 + napis z prawej strony\" width=\"1920\" height=\"620\" class=\"rev-slidebg\" data-no-retina>\n<!--\n\t\t\t\t\t\t\t--><rs-layer\n\t\t\t\t\t\t\t\tid=\"slider-2-slide-2-layer-6\" \n\t\t\t\t\t\t\t\tdata-type=\"text\"\n\t\t\t\t\t\t\t\tdata-color=\"#fff\"\n\t\t\t\t\t\t\t\tdata-tsh=\"c:rgba(0,0,0,0.75);h:2px;v:2px;b:4px;\"\n\t\t\t\t\t\t\t\tdata-rsp_ch=\"on\"\n\t\t\t\t\t\t\t\tdata-xy=\"x:686px;y:121px;\"\n\t\t\t\t\t\t\t\tdata-text=\"w:normal;s:31;l:38;fw:500;\"\n\t\t\t\t\t\t\t\tdata-frame_999=\"o:0;st:w;\"\n\t\t\t\t\t\t\t\tstyle=\"z-index:1;font-family:Poppins;text-transform:uppercase;\"\n\t\t\t\t\t\t\t>Specjalizujemy si\u0119 w produkcji <br \/>\npalet drewnianych <br \/>\no nietypowych wymiarach \n\t\t\t\t\t\t\t<\/rs-layer><!--\n-->\t\t\t\t\t\t<\/rs-slide>\n\t\t\t\t\t\t<rs-slide data-key=\"rs-6\" data-title=\"Slide\" data-thumb=\"\/\/jarzynscy.pl\/wp-content\/uploads\/2019\/12\/slide-2-50x100.jpg\" data-anim=\"ei:d;eo:d;s:1000;r:0;t:fade;sl:0;\">\n\t\t\t\t\t\t\t<img loading=\"lazy\" decoding=\"async\" src=\"\/\/jarzynscy.pl\/wp-content\/uploads\/2019\/12\/slide-2.jpg\" title=\"slide-2\" width=\"1920\" height=\"1080\" class=\"rev-slidebg\" data-no-retina>\n<!---->\t\t\t\t\t\t<\/rs-slide>\n\t\t\t\t\t\t<rs-slide data-key=\"rs-7\" data-title=\"Slide\" data-thumb=\"\/\/jarzynscy.pl\/wp-content\/uploads\/2019\/12\/jarzynscy-poziom-black-50x100.jpg\" data-anim=\"ei:d;eo:d;s:1000;r:0;t:fade;sl:0;\">\n\t\t\t\t\t\t\t<img loading=\"lazy\" decoding=\"async\" src=\"\/\/jarzynscy.pl\/wp-content\/uploads\/2019\/12\/jarzynscy-poziom-black.jpg\" title=\"jarzynscy-poziom-black\" width=\"1200\" height=\"450\" class=\"rev-slidebg\" data-no-retina>\n<!---->\t\t\t\t\t\t<\/rs-slide>\n\t\t\t\t\t<\/rs-slides>\n\t\t\t\t\t<rs-progress class=\"rs-bottom\" style=\"visibility: hidden !important;\"><\/rs-progress>\n\t\t\t\t<\/rs-module>\n\t\t\t\t<script type=\"text\/javascript\">\n\t\t\t\t\tsetREVStartSize({c: 'rev_slider_2_2',rl:[1240,1024,778,480],el:[500],gw:[1240],gh:[500],layout:'fullwidth',mh:\"0\"});\n\t\t\t\t\tvar\trevapi2,\n\t\t\t\t\t\ttpj;\n\t\t\t\t\tjQuery(function() {\n\t\t\t\t\t\ttpj = jQuery;\n\t\t\t\t\t\tif(tpj(\"#rev_slider_2_2\").revolution == undefined){\n\t\t\t\t\t\t\trevslider_showDoubleJqueryError(\"#rev_slider_2_2\");\n\t\t\t\t\t\t}else{\n\t\t\t\t\t\t\trevapi2 = tpj(\"#rev_slider_2_2\").show().revolution({\n\t\t\t\t\t\t\t\tjsFileLocation:\"\/\/jarzynscy.pl\/wp-content\/plugins\/revslider\/public\/assets\/js\/\",\n\t\t\t\t\t\t\t\tvisibilityLevels:\"1240,1024,778,480\",\n\t\t\t\t\t\t\t\tgridwidth:1240,\n\t\t\t\t\t\t\t\tgridheight:500,\n\t\t\t\t\t\t\t\tminHeight:\"\",\n\t\t\t\t\t\t\t\tspinner:\"spinner0\",\n\t\t\t\t\t\t\t\teditorheight:\"500,768,960,720\",\n\t\t\t\t\t\t\t\tresponsiveLevels:\"1240,1024,778,480\",\n\t\t\t\t\t\t\t\tdisableProgressBar:\"on\",\n\t\t\t\t\t\t\t\tnavigation: {\n\t\t\t\t\t\t\t\t\tonHoverStop:false,\n\t\t\t\t\t\t\t\t\tarrows: {\n\t\t\t\t\t\t\t\t\t\tenable:true,\n\t\t\t\t\t\t\t\t\t\tstyle:\"hesperiden\",\n\t\t\t\t\t\t\t\t\t\tleft: {\n\t\t\t\t\t\t\t\t\t\t\th_offset:30\n\t\t\t\t\t\t\t\t\t\t},\n\t\t\t\t\t\t\t\t\t\tright: {\n\t\t\t\t\t\t\t\t\t\t\th_offset:30\n\t\t\t\t\t\t\t\t\t\t}\n\t\t\t\t\t\t\t\t\t}\n\t\t\t\t\t\t\t\t},\n\t\t\t\t\t\t\t\tfallbacks: {\n\t\t\t\t\t\t\t\t\tallowHTML5AutoPlayOnAndroid:true\n\t\t\t\t\t\t\t\t},\n\t\t\t\t\t\t\t});\n\t\t\t\t\t\t}\n\t\t\t\t\t\t\n\t\t\t\t\t});\n\t\t\t\t<\/script>\n\t\t\t\t<script>\n\t\t\t\t\tvar htmlDivCss = unescape(\"%23rev_slider_2_2_wrapper%20.hesperiden.tparrows%20%7B%0A%09cursor%3Apointer%3B%0A%09background%3Argba%280%2C0%2C0%2C0.5%29%3B%0A%09width%3A40px%3B%0A%09height%3A40px%3B%0A%09position%3Aabsolute%3B%0A%09display%3Ablock%3B%0A%09z-index%3A1000%3B%0A%20%20%20%20border-radius%3A%2050%25%3B%0A%7D%0A%23rev_slider_2_2_wrapper%20.hesperiden.tparrows%3Ahover%20%7B%0A%09background%3A%23000000%3B%0A%7D%0A%23rev_slider_2_2_wrapper%20.hesperiden.tparrows%3Abefore%20%7B%0A%09font-family%3A%20%27revicons%27%3B%0A%09font-size%3A20px%3B%0A%09color%3A%23ffffff%3B%0A%09display%3Ablock%3B%0A%09line-height%3A%2040px%3B%0A%09text-align%3A%20center%3B%0A%7D%0A%23rev_slider_2_2_wrapper%20.hesperiden.tparrows.tp-leftarrow%3Abefore%20%7B%0A%09content%3A%20%27%5Ce82c%27%3B%0A%20%20%20%20margin-left%3A-3px%3B%0A%7D%0A%23rev_slider_2_2_wrapper%20.hesperiden.tparrows.tp-rightarrow%3Abefore%20%7B%0A%09content%3A%20%27%5Ce82d%27%3B%0A%20%20%20%20margin-right%3A-3px%3B%0A%7D%0A\");\n\t\t\t\t\tvar htmlDiv = document.getElementById('rs-plugin-settings-inline-css');\n\t\t\t\t\tif(htmlDiv) {\n\t\t\t\t\t\thtmlDiv.innerHTML = htmlDiv.innerHTML + htmlDivCss;\n\t\t\t\t\t}else{\n\t\t\t\t\t\tvar htmlDiv = document.createElement('div');\n\t\t\t\t\t\thtmlDiv.innerHTML = '<style>' + htmlDivCss + '<\/style>';\n\t\t\t\t\t\tdocument.getElementsByTagName('head')[0].appendChild(htmlDiv.childNodes[0]);\n\t\t\t\t\t}\n\t\t\t\t<\/script>\n\t\t\t\t<script>\n\t\t\t\t\tvar htmlDivCss = unescape(\"%0A%0A%0A\");\n\t\t\t\t\tvar htmlDiv = document.getElementById('rs-plugin-settings-inline-css');\n\t\t\t\t\tif(htmlDiv) {\n\t\t\t\t\t\thtmlDiv.innerHTML = htmlDiv.innerHTML + htmlDivCss;\n\t\t\t\t\t}else{\n\t\t\t\t\t\tvar htmlDiv = document.createElement('div');\n\t\t\t\t\t\thtmlDiv.innerHTML = '<style>' + htmlDivCss + '<\/style>';\n\t\t\t\t\t\tdocument.getElementsByTagName('head')[0].appendChild(htmlDiv.childNodes[0]);\n\t\t\t\t\t}\n\t\t\t\t<\/script>\n\t\t\t<\/rs-module-wrap>\n\t\t\t<!-- END REVOLUTION SLIDER -->\n<\/div><\/div><\/div><\/div><\/div><\/section><section class=\"l-section wpb_row height_medium\" style=\"margin-bottom: -30px !important;\"><div class=\"l-section-h i-cf\"><div class=\"g-cols vc_row type_default valign_top\"><div class=\"vc_col-sm-12 wpb_column vc_column_container\"><div class=\"vc_column-inner\"><div class=\"wpb_wrapper\">\r\n\t<div class=\"wpb_text_column \">\r\n\t\t<div class=\"wpb_wrapper\">\r\n\t\t\t<p style=\"text-align: center;\"><strong>Jako firma cenimy sobie wysok\u0105 jako\u015b\u0107 naszych produkt\u00f3w.<\/strong><br \/>\nPrzez wiele lat wytwarzania palet, zdobyli\u015bmy niezb\u0119dne do\u015bwiadczenie do tworzenia oryginalnych palet dopasowanych do potrzeb nawet najbardziej wymagaj\u0105cego klienta.<\/p>\n\r\n\t\t<\/div>\r\n\t<\/div>\r\n<div class=\"w-separator size_medium\"><\/div>\r\n\t<div class=\"wpb_text_column \">\r\n\t\t<div class=\"wpb_wrapper\">\r\n\t\t\t<p style=\"text-align: center;\">Posiadamy nowoczesn\u0105 technologi\u0119 obs\u0142ugiwan\u0105 przez wyspecjalizowan\u0105 kadr\u0119 pracownicz\u0105.<\/p>\n<p style=\"text-align: center;\"><strong>Cieszymy si\u0119 zaufaniem klient\u00f3w z rynku krajowego oraz zagranicznego.<\/strong><\/p>\n\r\n\t\t<\/div>\r\n\t<\/div>\r\n<\/div><\/div><\/div><\/div><\/div><\/section><section class=\"l-section wpb_row height_auto width_full\"><div class=\"l-section-h i-cf\"><div class=\"g-cols vc_row type_default valign_top\"><div class=\"vc_col-sm-12 wpb_column vc_column_container\"><div class=\"vc_column-inner\"><div class=\"wpb_wrapper\"><style type=\"text\/css\" data-type=\"vc_shortcodes-custom-css\">.vc_custom_1741772734555{background-color: #89c21a !important;}<\/style><section class=\"l-section wpb_row height_medium\"><div class=\"l-section-h i-cf\"><div class=\"g-cols vc_row type_default valign_top\"><div class=\"vc_col-sm-12 wpb_column vc_column_container\"><div class=\"vc_column-inner\"><div class=\"wpb_wrapper\"><div class=\"w-actionbox color_custom controls_right vc_custom_1741772734555\" style=\"background:#89c21a;color:#ffffff;\"><div class=\"w-actionbox-text\"><h2>Zapraszamy do wsp\u00f3\u0142pracy<\/h2><\/div><div class=\"w-actionbox-controls\"><a class=\"w-btn us-btn-style_1 icon_atleft\" href=\"https:\/\/jarzynscy.pl\/index.php\/kontakt\/\" title=\"Kontakt\"><i class=\"fas fa-phone-square-alt\"><\/i><span class=\"w-btn-label\">Kontakt<\/span><\/a><\/div><\/div><\/div><\/div><\/div><\/div><\/div><\/section><section class=\"l-section wpb_row height_medium desktopowy\"><div class=\"l-section-h i-cf\"><div class=\"g-cols vc_row type_default valign_top\"><div class=\"vc_col-sm-3 wpb_column vc_column_container\"><div class=\"vc_column-inner\"><div class=\"wpb_wrapper\"><div class=\"w-image align_none\"><a class=\"w-image-h\" href=\"https:\/\/wizytowka.rzetelnafirma.pl\/H7XL0TJO\/Fulcrum\" target=\"_blank\" rel=\"noopener\"><img loading=\"lazy\" decoding=\"async\" width=\"300\" height=\"132\" src=\"https:\/\/jarzynscy.pl\/wp-content\/uploads\/2019\/11\/rzetelnafirma-300x132.png\" class=\"attachment-large size-large\" alt=\"\" \/><\/a><\/div><\/div><\/div><\/div><div class=\"vc_col-sm-3 wpb_column vc_column_container\"><div class=\"vc_column-inner\"><div class=\"wpb_wrapper\">\r\n\t<div class=\"wpb_text_column \">\r\n\t\t<div class=\"wpb_wrapper\">\r\n\t\t\t<h4><strong>Kontakt<\/strong><\/h4>\n<p><strong>Kontakt w sprawie palet<\/strong><br \/>\n<abbr title=\"Telefon\">Tel:<\/abbr>\u00a0<a href=\"tel:&quot;606148535&quot;\">+48 606 148 535<\/a><br \/>\n<a href=\"mailto:palety@jarzynscy.pl\">palety@jarzynscy.pl<\/a><\/p>\n<p><strong>Kontakt w sprawie transportu<\/strong><br \/>\n<abbr title=\"Telefon\">Tel:<\/abbr>\u00a0<a href=\"tel:&quot;606212535&quot;\">+48 606 212 535<\/a><br \/>\n<a href=\"mailto:transport@jarzynscy.pl\">transport@jarzynscy.pl<\/a><\/p>\n<p><a href=\"https:\/\/jarzynscy.pl\/media\/W1siZiIsIjIwMTkvMDEvMDMvMTNfMjJfMzhfN19rbGF1enVsYV9pbm9ybWFjeWpuYV9yb2RvLnBkZiJdXQ\/klauzula%2520inormacyjna%2520rodo.pdf\" target=\"_blank\" rel=\"noopener noreferrer\">Klauzula inormacyjna RODO<\/a><\/p>\n\r\n\t\t<\/div>\r\n\t<\/div>\r\n<\/div><\/div><\/div><div class=\"vc_col-sm-3 wpb_column vc_column_container\"><div class=\"vc_column-inner\"><div class=\"wpb_wrapper\">\r\n\t<div class=\"wpb_text_column \">\r\n\t\t<div class=\"wpb_wrapper\">\r\n\t\t\t<h4><strong>Przedsi\u0119biorstwo Handlowo<br \/>\nUs\u0142ugowe <\/strong><strong>Miros\u0142awa Jarzy\u0144ska<\/strong><\/h4>\n<p>Chociwle 6, 76-020 Bobolice<br \/>\nwoj. zachodniopomorskie<br \/>\nNIP: 673-000-01-22<br \/>\n<abbr title=\"Telefon\">Tel:<\/abbr> <a href=\"tel:&quot;943187615&quot;\">094 31 87 615<\/a><br \/>\nTel: <a href=\"tel:606148535\">+48 606 148 535<\/a><br \/>\n<a href=\"mailto:biuro@jarzynscy.pl\">biuro@jarzynscy.pl<\/a><\/p>\n\r\n\t\t<\/div>\r\n\t<\/div>\r\n<\/div><\/div><\/div><div class=\"vc_col-sm-3 wpb_column vc_column_container\"><div class=\"vc_column-inner\"><div class=\"wpb_wrapper\">\r\n\t<div class=\"wpb_text_column \">\r\n\t\t<div class=\"wpb_wrapper\">\r\n\t\t\t<h4><strong>Mapa strony<br \/>\n<\/strong><\/h4>\n<p><a href=\"https:\/\/jarzynscy.pl\/\">O firmie<\/a><br \/>\n<a href=\"https:\/\/jarzynscy.pl\/index.php\/palety-2\/\">Palety<\/a><br \/>\n<a href=\"https:\/\/jarzynscy.pl\/index.php\/transport-2\/\">Transport<\/a><br \/>\n<a href=\"https:\/\/jarzynscy.pl\/index.php\/galeria\/\">Galeria<\/a><br \/>\n<a href=\"https:\/\/jarzynscy.pl\/index.php\/certyfikaty\/\">Certyfikaty<\/a><br \/>\n<a href=\"https:\/\/jarzynscy.pl\/index.php\/kontakt\/\">Kontakt<\/a><\/p>\n\r\n\t\t<\/div>\r\n\t<\/div>\r\n<\/div><\/div><\/div><\/div><\/div><\/section><section class=\"l-section wpb_row height_medium mobilny\"><div class=\"l-section-h i-cf\"><div class=\"g-cols vc_row type_default valign_top\"><div class=\"vc_col-sm-3 wpb_column vc_column_container\"><div class=\"vc_column-inner\"><div class=\"wpb_wrapper\"><div class=\"w-image align_none\"><a class=\"w-image-h\" href=\"https:\/\/wizytowka.rzetelnafirma.pl\/H7XL0TJO\/Fulcrum\" target=\"_blank\" rel=\"noopener\"><img loading=\"lazy\" decoding=\"async\" width=\"300\" height=\"132\" src=\"https:\/\/jarzynscy.pl\/wp-content\/uploads\/2019\/11\/rzetelnafirma-300x132.png\" class=\"attachment-large size-large\" alt=\"\" \/><\/a><\/div><\/div><\/div><\/div><div class=\"vc_col-sm-3 wpb_column vc_column_container\"><div class=\"vc_column-inner\"><div class=\"wpb_wrapper\">\r\n\t<div class=\"wpb_text_column \">\r\n\t\t<div class=\"wpb_wrapper\">\r\n\t\t\t<h4 style=\"text-align: center;\"><strong>Kontakt<\/strong><\/h4>\n<p style=\"text-align: center;\"><strong>Kontakt w sprawie palet<\/strong><br \/>\n<abbr title=\"Telefon\">Tel:<\/abbr>\u00a0<a href=\"tel:&quot;606148535&quot;\">+48 606 148 535<\/a><br \/>\n<a href=\"mailto:palety@jarzynscy.pl\">palety@jarzynscy.pl<\/a><\/p>\n<p style=\"text-align: center;\"><strong>Kontakt w sprawie transportu<\/strong><br \/>\n<abbr title=\"Telefon\">Tel:<\/abbr>\u00a0<a href=\"tel:&quot;606212535&quot;\">+48 606 212 535<\/a><br \/>\n<a href=\"mailto:transport@jarzynscy.pl\">transport@jarzynscy.pl<\/a><\/p>\n<p style=\"text-align: center;\"><a href=\"https:\/\/jarzynscy.pl\/media\/W1siZiIsIjIwMTkvMDEvMDMvMTNfMjJfMzhfN19rbGF1enVsYV9pbm9ybWFjeWpuYV9yb2RvLnBkZiJdXQ\/klauzula%2520inormacyjna%2520rodo.pdf\" target=\"_blank\" rel=\"noopener noreferrer\">Klauzula inormacyjna RODO<\/a><\/p>\n\r\n\t\t<\/div>\r\n\t<\/div>\r\n<\/div><\/div><\/div><div class=\"vc_col-sm-3 wpb_column vc_column_container\"><div class=\"vc_column-inner\"><div class=\"wpb_wrapper\">\r\n\t<div class=\"wpb_text_column \">\r\n\t\t<div class=\"wpb_wrapper\">\r\n\t\t\t<h4 style=\"text-align: center;\"><strong>Przedsi\u0119biorstwo Handlowo<br \/>\nUs\u0142ugowe <\/strong><strong>Miros\u0142awa Jarzy\u0144ska<\/strong><\/h4>\n<p style=\"text-align: center;\">Chociwle 6, 76-020 Bobolice<br \/>\nwoj. zachodniopomorskie<br \/>\nNIP: 673-000-01-22<br \/>\n<abbr title=\"Telefon\">Tel:<\/abbr> <a href=\"tel:&quot;943187615&quot;\">094 31 87 615<\/a><br \/>\nTel: <a href=\"tel:606148535\">+48 606 148 535<\/a><br \/>\n<a href=\"mailto:biuro@jarzynscy.pl\">biuro@jarzynscy.pl<\/a><\/p>\n\r\n\t\t<\/div>\r\n\t<\/div>\r\n<\/div><\/div><\/div><div class=\"vc_col-sm-3 wpb_column vc_column_container\"><div class=\"vc_column-inner\"><div class=\"wpb_wrapper\">\r\n\t<div class=\"wpb_text_column \">\r\n\t\t<div class=\"wpb_wrapper\">\r\n\t\t\t<h4 style=\"text-align: center;\"><strong>Mapa strony<br \/>\n<\/strong><\/h4>\n<p style=\"text-align: center;\"><a href=\"https:\/\/jarzynscy.pl\/\">O firmie<\/a><br \/>\n<a href=\"https:\/\/jarzynscy.pl\/index.php\/palety-2\/\">Palety<\/a><br \/>\n<a href=\"https:\/\/jarzynscy.pl\/index.php\/transport-2\/\">Transport<\/a><br \/>\n<a href=\"https:\/\/jarzynscy.pl\/index.php\/galeria\/\">Galeria<\/a><br \/>\n<a href=\"https:\/\/jarzynscy.pl\/index.php\/certyfikaty\/\">Certyfikaty<\/a><br \/>\n<a href=\"https:\/\/jarzynscy.pl\/index.php\/kontakt\/\">Kontakt<\/a><\/p>\n\r\n\t\t<\/div>\r\n\t<\/div>\r\n<\/div><\/div><\/div><\/div><\/div><\/section>\n<\/div><\/div><\/div><\/div><\/div><\/section>\n","protected":false},"excerpt":{"rendered":"Specjalizujemy si\u0119 w produkcji palet drewnianych o nietypowych wymiarach Specjalizujemy si\u0119 w produkcji palet drewnianych o nietypowych wymiarach Jako firma cenimy sobie wysok\u0105 jako\u015b\u0107 naszych produkt\u00f3w. Przez wiele lat wytwarzania palet, zdobyli\u015bmy niezb\u0119dne do\u015bwiadczenie do tworzenia oryginalnych palet dopasowanych do potrzeb nawet najbardziej wymagaj\u0105cego klienta. Posiadamy nowoczesn\u0105 technologi\u0119 obs\u0142ugiwan\u0105 przez wyspecjalizowan\u0105 kadr\u0119 pracownicz\u0105. Cieszymy si\u0119...","protected":false},"author":1,"featured_media":0,"parent":0,"menu_order":0,"comment_status":"closed","ping_status":"closed","template":"","meta":{"footnotes":""},"class_list":["post-6635","page","type-page","status-publish","hentry"],"yoast_head":"<!-- This site is optimized with the Yoast SEO plugin v26.8 - https:\/\/yoast.com\/product\/yoast-seo-wordpress\/ -->\n<title>O firmie -<\/title>\n<meta name=\"robots\" content=\"index, follow, max-snippet:-1, max-image-preview:large, max-video-preview:-1\" \/>\n<link rel=\"canonical\" href=\"https:\/\/jarzynscy.pl\/\" \/>\n<meta property=\"og:locale\" content=\"pl_PL\" \/>\n<meta property=\"og:type\" content=\"article\" \/>\n<meta property=\"og:title\" content=\"O firmie -\" \/>\n<meta property=\"og:url\" content=\"https:\/\/jarzynscy.pl\/\" \/>\n<meta property=\"article:modified_time\" content=\"2019-12-12T09:26:46+00:00\" \/>\n<meta name=\"twitter:card\" content=\"summary_large_image\" \/>\n<meta name=\"twitter:label1\" content=\"Szacowany czas czytania\" \/>\n\t<meta name=\"twitter:data1\" content=\"1 minuta\" \/>\n<script type=\"application\/ld+json\" class=\"yoast-schema-graph\">{\"@context\":\"https:\/\/schema.org\",\"@graph\":[{\"@type\":\"WebPage\",\"@id\":\"https:\/\/jarzynscy.pl\/\",\"url\":\"https:\/\/jarzynscy.pl\/\",\"name\":\"O firmie -\",\"isPartOf\":{\"@id\":\"https:\/\/jarzynscy.pl\/#website\"},\"datePublished\":\"2019-05-10T14:40:15+00:00\",\"dateModified\":\"2019-12-12T09:26:46+00:00\",\"breadcrumb\":{\"@id\":\"https:\/\/jarzynscy.pl\/#breadcrumb\"},\"inLanguage\":\"pl-PL\",\"potentialAction\":[{\"@type\":\"ReadAction\",\"target\":[\"https:\/\/jarzynscy.pl\/\"]}]},{\"@type\":\"BreadcrumbList\",\"@id\":\"https:\/\/jarzynscy.pl\/#breadcrumb\",\"itemListElement\":[{\"@type\":\"ListItem\",\"position\":1,\"name\":\"Strona g\u0142\u00f3wna\",\"item\":\"http:\/\/jarzynscy.pl\/\"},{\"@type\":\"ListItem\",\"position\":2,\"name\":\"O firmie\"}]},{\"@type\":\"WebSite\",\"@id\":\"https:\/\/jarzynscy.pl\/#website\",\"url\":\"https:\/\/jarzynscy.pl\/\",\"name\":\"\",\"description\":\"Produkcja drewnianych palet o nietypowych wymiarach. | Producent palet drewnianych, palety drewniane w dowolnych wymiarach\",\"potentialAction\":[{\"@type\":\"SearchAction\",\"target\":{\"@type\":\"EntryPoint\",\"urlTemplate\":\"https:\/\/jarzynscy.pl\/?s={search_term_string}\"},\"query-input\":{\"@type\":\"PropertyValueSpecification\",\"valueRequired\":true,\"valueName\":\"search_term_string\"}}],\"inLanguage\":\"pl-PL\"}]}<\/script>\n<!-- \/ Yoast SEO plugin. -->","yoast_head_json":{"title":"O firmie -","robots":{"index":"index","follow":"follow","max-snippet":"max-snippet:-1","max-image-preview":"max-image-preview:large","max-video-preview":"max-video-preview:-1"},"canonical":"https:\/\/jarzynscy.pl\/","og_locale":"pl_PL","og_type":"article","og_title":"O firmie -","og_url":"https:\/\/jarzynscy.pl\/","article_modified_time":"2019-12-12T09:26:46+00:00","twitter_card":"summary_large_image","twitter_misc":{"Szacowany czas czytania":"1 minuta"},"schema":{"@context":"https:\/\/schema.org","@graph":[{"@type":"WebPage","@id":"https:\/\/jarzynscy.pl\/","url":"https:\/\/jarzynscy.pl\/","name":"O firmie -","isPartOf":{"@id":"https:\/\/jarzynscy.pl\/#website"},"datePublished":"2019-05-10T14:40:15+00:00","dateModified":"2019-12-12T09:26:46+00:00","breadcrumb":{"@id":"https:\/\/jarzynscy.pl\/#breadcrumb"},"inLanguage":"pl-PL","potentialAction":[{"@type":"ReadAction","target":["https:\/\/jarzynscy.pl\/"]}]},{"@type":"BreadcrumbList","@id":"https:\/\/jarzynscy.pl\/#breadcrumb","itemListElement":[{"@type":"ListItem","position":1,"name":"Strona g\u0142\u00f3wna","item":"http:\/\/jarzynscy.pl\/"},{"@type":"ListItem","position":2,"name":"O firmie"}]},{"@type":"WebSite","@id":"https:\/\/jarzynscy.pl\/#website","url":"https:\/\/jarzynscy.pl\/","name":"","description":"Produkcja drewnianych palet o nietypowych wymiarach. | Producent palet drewnianych, palety drewniane w dowolnych wymiarach","potentialAction":[{"@type":"SearchAction","target":{"@type":"EntryPoint","urlTemplate":"https:\/\/jarzynscy.pl\/?s={search_term_string}"},"query-input":{"@type":"PropertyValueSpecification","valueRequired":true,"valueName":"search_term_string"}}],"inLanguage":"pl-PL"}]}},"_links":{"self":[{"href":"https:\/\/jarzynscy.pl\/index.php\/wp-json\/wp\/v2\/pages\/6635","targetHints":{"allow":["GET"]}}],"collection":[{"href":"https:\/\/jarzynscy.pl\/index.php\/wp-json\/wp\/v2\/pages"}],"about":[{"href":"https:\/\/jarzynscy.pl\/index.php\/wp-json\/wp\/v2\/types\/page"}],"author":[{"embeddable":true,"href":"https:\/\/jarzynscy.pl\/index.php\/wp-json\/wp\/v2\/users\/1"}],"replies":[{"embeddable":true,"href":"https:\/\/jarzynscy.pl\/index.php\/wp-json\/wp\/v2\/comments?post=6635"}],"version-history":[{"count":60,"href":"https:\/\/jarzynscy.pl\/index.php\/wp-json\/wp\/v2\/pages\/6635\/revisions"}],"predecessor-version":[{"id":7497,"href":"https:\/\/jarzynscy.pl\/index.php\/wp-json\/wp\/v2\/pages\/6635\/revisions\/7497"}],"wp:attachment":[{"href":"https:\/\/jarzynscy.pl\/index.php\/wp-json\/wp\/v2\/media?parent=6635"}],"curies":[{"name":"wp","href":"https:\/\/api.w.org\/{rel}","templated":true}]}}