{"id":7280,"date":"2019-10-29T10:47:51","date_gmt":"2019-10-29T09:47:51","guid":{"rendered":"http:\/\/jarzynscy.pl\/?page_id=7280"},"modified":"2019-11-08T09:27:33","modified_gmt":"2019-11-08T08:27:33","slug":"transport-2","status":"publish","type":"page","link":"https:\/\/jarzynscy.pl\/index.php\/transport-2\/","title":{"rendered":"Transport"},"content":{"rendered":"<section class=\"l-section wpb_row height_medium\"><div class=\"l-section-h i-cf\"><div class=\"g-cols vc_row type_default valign_top\"><div class=\"vc_col-sm-12 wpb_column vc_column_container\"><div class=\"vc_column-inner\"><div class=\"wpb_wrapper\">\r\n\t<div class=\"wpb_text_column \">\r\n\t\t<div class=\"wpb_wrapper\">\r\n\t\t\t<p><strong>Zam\u00f3wione towary dostarczamy w\u0142asnym transportem klientom w ca\u0142ej Europie.<\/strong><\/p>\n<p>Dostawa odbywa si\u0119 w bardzo szybki spos\u00f3b, poprzez sprawny kontakt z nasz\u0105 obs\u0142ug\u0105 klienta.<\/p>\n<p>W naszym magazynie staramy si\u0119 utrzyma\u0107 odpowiedni\u0105 ilo\u015b\u0107 palet dla produkcji klienta, by m\u00f3g\u0142 bezproblemowo kontynuowa\u0107 swoj\u0105 dzia\u0142alno\u015b\u0107.<\/p>\n<p>Bazuj\u0105c na harmonogramie zu\u017cycia palet drewnianych, staramy si\u0119 wyprzedza\u0107 ewentualne braki, dzi\u0119ki czemu nasi odbiorcy nie musz\u0105 utrzymywa\u0107 du\u017cych stan\u00f3w magazynowych.<\/p>\n\r\n\t\t<\/div>\r\n\t<\/div>\r\n<\/div><\/div><\/div><\/div><\/div><\/section><section class=\"l-section wpb_row height_auto width_full\"><div class=\"l-section-h i-cf\"><div class=\"g-cols vc_row type_default valign_top\"><div class=\"vc_col-sm-12 wpb_column vc_column_container\"><div class=\"vc_column-inner\"><div class=\"wpb_wrapper\"><style type=\"text\/css\" data-type=\"vc_shortcodes-custom-css\">.vc_custom_1741772734555{background-color: #89c21a !important;}<\/style><section class=\"l-section wpb_row height_medium\"><div class=\"l-section-h i-cf\"><div class=\"g-cols vc_row type_default valign_top\"><div class=\"vc_col-sm-12 wpb_column vc_column_container\"><div class=\"vc_column-inner\"><div class=\"wpb_wrapper\"><div class=\"w-actionbox color_custom controls_right vc_custom_1741772734555\" style=\"background:#89c21a;color:#ffffff;\"><div class=\"w-actionbox-text\"><h2>Zapraszamy do wsp\u00f3\u0142pracy<\/h2><\/div><div class=\"w-actionbox-controls\"><a class=\"w-btn us-btn-style_1 icon_atleft\" href=\"https:\/\/jarzynscy.pl\/index.php\/kontakt\/\" title=\"Kontakt\"><i class=\"fas fa-phone-square-alt\"><\/i><span class=\"w-btn-label\">Kontakt<\/span><\/a><\/div><\/div><\/div><\/div><\/div><\/div><\/div><\/section><section class=\"l-section wpb_row height_medium desktopowy\"><div class=\"l-section-h i-cf\"><div class=\"g-cols vc_row type_default valign_top\"><div class=\"vc_col-sm-3 wpb_column vc_column_container\"><div class=\"vc_column-inner\"><div class=\"wpb_wrapper\"><div class=\"w-image align_none\"><a class=\"w-image-h\" href=\"https:\/\/wizytowka.rzetelnafirma.pl\/H7XL0TJO\/Fulcrum\" target=\"_blank\" rel=\"noopener\"><img loading=\"lazy\" decoding=\"async\" width=\"300\" height=\"132\" src=\"https:\/\/jarzynscy.pl\/wp-content\/uploads\/2019\/11\/rzetelnafirma-300x132.png\" class=\"attachment-large size-large\" alt=\"\" \/><\/a><\/div><\/div><\/div><\/div><div class=\"vc_col-sm-3 wpb_column vc_column_container\"><div class=\"vc_column-inner\"><div class=\"wpb_wrapper\">\r\n\t<div class=\"wpb_text_column \">\r\n\t\t<div class=\"wpb_wrapper\">\r\n\t\t\t<h4><strong>Kontakt<\/strong><\/h4>\n<p><strong>Kontakt w sprawie palet<\/strong><br \/>\n<abbr title=\"Telefon\">Tel:<\/abbr>\u00a0<a href=\"tel:&quot;606148535&quot;\">+48 606 148 535<\/a><br \/>\n<a href=\"mailto:palety@jarzynscy.pl\">palety@jarzynscy.pl<\/a><\/p>\n<p><strong>Kontakt w sprawie transportu<\/strong><br \/>\n<abbr title=\"Telefon\">Tel:<\/abbr>\u00a0<a href=\"tel:&quot;606212535&quot;\">+48 606 212 535<\/a><br \/>\n<a href=\"mailto:transport@jarzynscy.pl\">transport@jarzynscy.pl<\/a><\/p>\n<p><a href=\"https:\/\/jarzynscy.pl\/media\/W1siZiIsIjIwMTkvMDEvMDMvMTNfMjJfMzhfN19rbGF1enVsYV9pbm9ybWFjeWpuYV9yb2RvLnBkZiJdXQ\/klauzula%2520inormacyjna%2520rodo.pdf\" target=\"_blank\" rel=\"noopener noreferrer\">Klauzula inormacyjna RODO<\/a><\/p>\n\r\n\t\t<\/div>\r\n\t<\/div>\r\n<\/div><\/div><\/div><div class=\"vc_col-sm-3 wpb_column vc_column_container\"><div class=\"vc_column-inner\"><div class=\"wpb_wrapper\">\r\n\t<div class=\"wpb_text_column \">\r\n\t\t<div class=\"wpb_wrapper\">\r\n\t\t\t<h4><strong>Przedsi\u0119biorstwo Handlowo<br \/>\nUs\u0142ugowe <\/strong><strong>Miros\u0142awa Jarzy\u0144ska<\/strong><\/h4>\n<p>Chociwle 6, 76-020 Bobolice<br \/>\nwoj. zachodniopomorskie<br \/>\nNIP: 673-000-01-22<br \/>\n<abbr title=\"Telefon\">Tel:<\/abbr> <a href=\"tel:&quot;943187615&quot;\">094 31 87 615<\/a><br \/>\nTel: <a href=\"tel:606148535\">+48 606 148 535<\/a><br \/>\n<a href=\"mailto:biuro@jarzynscy.pl\">biuro@jarzynscy.pl<\/a><\/p>\n\r\n\t\t<\/div>\r\n\t<\/div>\r\n<\/div><\/div><\/div><div class=\"vc_col-sm-3 wpb_column vc_column_container\"><div class=\"vc_column-inner\"><div class=\"wpb_wrapper\">\r\n\t<div class=\"wpb_text_column \">\r\n\t\t<div class=\"wpb_wrapper\">\r\n\t\t\t<h4><strong>Mapa strony<br \/>\n<\/strong><\/h4>\n<p><a href=\"https:\/\/jarzynscy.pl\/\">O firmie<\/a><br \/>\n<a href=\"https:\/\/jarzynscy.pl\/index.php\/palety-2\/\">Palety<\/a><br \/>\n<a href=\"https:\/\/jarzynscy.pl\/index.php\/transport-2\/\">Transport<\/a><br \/>\n<a href=\"https:\/\/jarzynscy.pl\/index.php\/galeria\/\">Galeria<\/a><br \/>\n<a href=\"https:\/\/jarzynscy.pl\/index.php\/certyfikaty\/\">Certyfikaty<\/a><br \/>\n<a href=\"https:\/\/jarzynscy.pl\/index.php\/kontakt\/\">Kontakt<\/a><\/p>\n\r\n\t\t<\/div>\r\n\t<\/div>\r\n<\/div><\/div><\/div><\/div><\/div><\/section><section class=\"l-section wpb_row height_medium mobilny\"><div class=\"l-section-h i-cf\"><div class=\"g-cols vc_row type_default valign_top\"><div class=\"vc_col-sm-3 wpb_column vc_column_container\"><div class=\"vc_column-inner\"><div class=\"wpb_wrapper\"><div class=\"w-image align_none\"><a class=\"w-image-h\" href=\"https:\/\/wizytowka.rzetelnafirma.pl\/H7XL0TJO\/Fulcrum\" target=\"_blank\" rel=\"noopener\"><img loading=\"lazy\" decoding=\"async\" width=\"300\" height=\"132\" src=\"https:\/\/jarzynscy.pl\/wp-content\/uploads\/2019\/11\/rzetelnafirma-300x132.png\" class=\"attachment-large size-large\" alt=\"\" \/><\/a><\/div><\/div><\/div><\/div><div class=\"vc_col-sm-3 wpb_column vc_column_container\"><div class=\"vc_column-inner\"><div class=\"wpb_wrapper\">\r\n\t<div class=\"wpb_text_column \">\r\n\t\t<div class=\"wpb_wrapper\">\r\n\t\t\t<h4 style=\"text-align: center;\"><strong>Kontakt<\/strong><\/h4>\n<p style=\"text-align: center;\"><strong>Kontakt w sprawie palet<\/strong><br \/>\n<abbr title=\"Telefon\">Tel:<\/abbr>\u00a0<a href=\"tel:&quot;606148535&quot;\">+48 606 148 535<\/a><br \/>\n<a href=\"mailto:palety@jarzynscy.pl\">palety@jarzynscy.pl<\/a><\/p>\n<p style=\"text-align: center;\"><strong>Kontakt w sprawie transportu<\/strong><br \/>\n<abbr title=\"Telefon\">Tel:<\/abbr>\u00a0<a href=\"tel:&quot;606212535&quot;\">+48 606 212 535<\/a><br \/>\n<a href=\"mailto:transport@jarzynscy.pl\">transport@jarzynscy.pl<\/a><\/p>\n<p style=\"text-align: center;\"><a href=\"https:\/\/jarzynscy.pl\/media\/W1siZiIsIjIwMTkvMDEvMDMvMTNfMjJfMzhfN19rbGF1enVsYV9pbm9ybWFjeWpuYV9yb2RvLnBkZiJdXQ\/klauzula%2520inormacyjna%2520rodo.pdf\" target=\"_blank\" rel=\"noopener noreferrer\">Klauzula inormacyjna RODO<\/a><\/p>\n\r\n\t\t<\/div>\r\n\t<\/div>\r\n<\/div><\/div><\/div><div class=\"vc_col-sm-3 wpb_column vc_column_container\"><div class=\"vc_column-inner\"><div class=\"wpb_wrapper\">\r\n\t<div class=\"wpb_text_column \">\r\n\t\t<div class=\"wpb_wrapper\">\r\n\t\t\t<h4 style=\"text-align: center;\"><strong>Przedsi\u0119biorstwo Handlowo<br \/>\nUs\u0142ugowe <\/strong><strong>Miros\u0142awa Jarzy\u0144ska<\/strong><\/h4>\n<p style=\"text-align: center;\">Chociwle 6, 76-020 Bobolice<br \/>\nwoj. zachodniopomorskie<br \/>\nNIP: 673-000-01-22<br \/>\n<abbr title=\"Telefon\">Tel:<\/abbr> <a href=\"tel:&quot;943187615&quot;\">094 31 87 615<\/a><br \/>\nTel: <a href=\"tel:606148535\">+48 606 148 535<\/a><br \/>\n<a href=\"mailto:biuro@jarzynscy.pl\">biuro@jarzynscy.pl<\/a><\/p>\n\r\n\t\t<\/div>\r\n\t<\/div>\r\n<\/div><\/div><\/div><div class=\"vc_col-sm-3 wpb_column vc_column_container\"><div class=\"vc_column-inner\"><div class=\"wpb_wrapper\">\r\n\t<div class=\"wpb_text_column \">\r\n\t\t<div class=\"wpb_wrapper\">\r\n\t\t\t<h4 style=\"text-align: center;\"><strong>Mapa strony<br \/>\n<\/strong><\/h4>\n<p style=\"text-align: center;\"><a href=\"https:\/\/jarzynscy.pl\/\">O firmie<\/a><br \/>\n<a href=\"https:\/\/jarzynscy.pl\/index.php\/palety-2\/\">Palety<\/a><br \/>\n<a href=\"https:\/\/jarzynscy.pl\/index.php\/transport-2\/\">Transport<\/a><br \/>\n<a href=\"https:\/\/jarzynscy.pl\/index.php\/galeria\/\">Galeria<\/a><br \/>\n<a href=\"https:\/\/jarzynscy.pl\/index.php\/certyfikaty\/\">Certyfikaty<\/a><br \/>\n<a href=\"https:\/\/jarzynscy.pl\/index.php\/kontakt\/\">Kontakt<\/a><\/p>\n\r\n\t\t<\/div>\r\n\t<\/div>\r\n<\/div><\/div><\/div><\/div><\/div><\/section>\n<\/div><\/div><\/div><\/div><\/div><\/section>\n","protected":false},"excerpt":{"rendered":"Zam\u00f3wione towary dostarczamy w\u0142asnym transportem klientom w ca\u0142ej Europie. Dostawa odbywa si\u0119 w bardzo szybki spos\u00f3b, poprzez sprawny kontakt z nasz\u0105 obs\u0142ug\u0105 klienta. W naszym magazynie staramy si\u0119 utrzyma\u0107 odpowiedni\u0105 ilo\u015b\u0107 palet dla produkcji klienta, by m\u00f3g\u0142 bezproblemowo kontynuowa\u0107 swoj\u0105 dzia\u0142alno\u015b\u0107. Bazuj\u0105c na harmonogramie zu\u017cycia palet drewnianych, staramy si\u0119 wyprzedza\u0107 ewentualne braki, dzi\u0119ki czemu nasi...","protected":false},"author":1,"featured_media":0,"parent":0,"menu_order":0,"comment_status":"closed","ping_status":"closed","template":"","meta":{"footnotes":""},"class_list":["post-7280","page","type-page","status-publish","hentry"],"yoast_head":"<!-- This site is optimized with the Yoast SEO plugin v26.8 - https:\/\/yoast.com\/product\/yoast-seo-wordpress\/ -->\n<title>Transport -<\/title>\n<meta name=\"robots\" content=\"index, follow, max-snippet:-1, max-image-preview:large, max-video-preview:-1\" \/>\n<link rel=\"canonical\" href=\"https:\/\/jarzynscy.pl\/index.php\/transport-2\/\" \/>\n<meta property=\"og:locale\" content=\"pl_PL\" \/>\n<meta property=\"og:type\" content=\"article\" \/>\n<meta property=\"og:title\" content=\"Transport -\" \/>\n<meta property=\"og:url\" content=\"https:\/\/jarzynscy.pl\/index.php\/transport-2\/\" \/>\n<meta property=\"article:modified_time\" content=\"2019-11-08T08:27:33+00:00\" \/>\n<meta name=\"twitter:card\" content=\"summary_large_image\" \/>\n<meta name=\"twitter:label1\" content=\"Szacowany czas czytania\" \/>\n\t<meta name=\"twitter:data1\" content=\"1 minuta\" \/>\n<script type=\"application\/ld+json\" class=\"yoast-schema-graph\">{\"@context\":\"https:\/\/schema.org\",\"@graph\":[{\"@type\":\"WebPage\",\"@id\":\"https:\/\/jarzynscy.pl\/index.php\/transport-2\/\",\"url\":\"https:\/\/jarzynscy.pl\/index.php\/transport-2\/\",\"name\":\"Transport -\",\"isPartOf\":{\"@id\":\"https:\/\/jarzynscy.pl\/#website\"},\"datePublished\":\"2019-10-29T09:47:51+00:00\",\"dateModified\":\"2019-11-08T08:27:33+00:00\",\"breadcrumb\":{\"@id\":\"https:\/\/jarzynscy.pl\/index.php\/transport-2\/#breadcrumb\"},\"inLanguage\":\"pl-PL\",\"potentialAction\":[{\"@type\":\"ReadAction\",\"target\":[\"https:\/\/jarzynscy.pl\/index.php\/transport-2\/\"]}]},{\"@type\":\"BreadcrumbList\",\"@id\":\"https:\/\/jarzynscy.pl\/index.php\/transport-2\/#breadcrumb\",\"itemListElement\":[{\"@type\":\"ListItem\",\"position\":1,\"name\":\"Strona g\u0142\u00f3wna\",\"item\":\"http:\/\/jarzynscy.pl\/\"},{\"@type\":\"ListItem\",\"position\":2,\"name\":\"Transport\"}]},{\"@type\":\"WebSite\",\"@id\":\"https:\/\/jarzynscy.pl\/#website\",\"url\":\"https:\/\/jarzynscy.pl\/\",\"name\":\"\",\"description\":\"Produkcja drewnianych palet o nietypowych wymiarach. | Producent palet drewnianych, palety drewniane w dowolnych wymiarach\",\"potentialAction\":[{\"@type\":\"SearchAction\",\"target\":{\"@type\":\"EntryPoint\",\"urlTemplate\":\"https:\/\/jarzynscy.pl\/?s={search_term_string}\"},\"query-input\":{\"@type\":\"PropertyValueSpecification\",\"valueRequired\":true,\"valueName\":\"search_term_string\"}}],\"inLanguage\":\"pl-PL\"}]}<\/script>\n<!-- \/ Yoast SEO plugin. -->","yoast_head_json":{"title":"Transport -","robots":{"index":"index","follow":"follow","max-snippet":"max-snippet:-1","max-image-preview":"max-image-preview:large","max-video-preview":"max-video-preview:-1"},"canonical":"https:\/\/jarzynscy.pl\/index.php\/transport-2\/","og_locale":"pl_PL","og_type":"article","og_title":"Transport -","og_url":"https:\/\/jarzynscy.pl\/index.php\/transport-2\/","article_modified_time":"2019-11-08T08:27:33+00:00","twitter_card":"summary_large_image","twitter_misc":{"Szacowany czas czytania":"1 minuta"},"schema":{"@context":"https:\/\/schema.org","@graph":[{"@type":"WebPage","@id":"https:\/\/jarzynscy.pl\/index.php\/transport-2\/","url":"https:\/\/jarzynscy.pl\/index.php\/transport-2\/","name":"Transport -","isPartOf":{"@id":"https:\/\/jarzynscy.pl\/#website"},"datePublished":"2019-10-29T09:47:51+00:00","dateModified":"2019-11-08T08:27:33+00:00","breadcrumb":{"@id":"https:\/\/jarzynscy.pl\/index.php\/transport-2\/#breadcrumb"},"inLanguage":"pl-PL","potentialAction":[{"@type":"ReadAction","target":["https:\/\/jarzynscy.pl\/index.php\/transport-2\/"]}]},{"@type":"BreadcrumbList","@id":"https:\/\/jarzynscy.pl\/index.php\/transport-2\/#breadcrumb","itemListElement":[{"@type":"ListItem","position":1,"name":"Strona g\u0142\u00f3wna","item":"http:\/\/jarzynscy.pl\/"},{"@type":"ListItem","position":2,"name":"Transport"}]},{"@type":"WebSite","@id":"https:\/\/jarzynscy.pl\/#website","url":"https:\/\/jarzynscy.pl\/","name":"","description":"Produkcja drewnianych palet o nietypowych wymiarach. | Producent palet drewnianych, palety drewniane w dowolnych wymiarach","potentialAction":[{"@type":"SearchAction","target":{"@type":"EntryPoint","urlTemplate":"https:\/\/jarzynscy.pl\/?s={search_term_string}"},"query-input":{"@type":"PropertyValueSpecification","valueRequired":true,"valueName":"search_term_string"}}],"inLanguage":"pl-PL"}]}},"_links":{"self":[{"href":"https:\/\/jarzynscy.pl\/index.php\/wp-json\/wp\/v2\/pages\/7280","targetHints":{"allow":["GET"]}}],"collection":[{"href":"https:\/\/jarzynscy.pl\/index.php\/wp-json\/wp\/v2\/pages"}],"about":[{"href":"https:\/\/jarzynscy.pl\/index.php\/wp-json\/wp\/v2\/types\/page"}],"author":[{"embeddable":true,"href":"https:\/\/jarzynscy.pl\/index.php\/wp-json\/wp\/v2\/users\/1"}],"replies":[{"embeddable":true,"href":"https:\/\/jarzynscy.pl\/index.php\/wp-json\/wp\/v2\/comments?post=7280"}],"version-history":[{"count":9,"href":"https:\/\/jarzynscy.pl\/index.php\/wp-json\/wp\/v2\/pages\/7280\/revisions"}],"predecessor-version":[{"id":7512,"href":"https:\/\/jarzynscy.pl\/index.php\/wp-json\/wp\/v2\/pages\/7280\/revisions\/7512"}],"wp:attachment":[{"href":"https:\/\/jarzynscy.pl\/index.php\/wp-json\/wp\/v2\/media?parent=7280"}],"curies":[{"name":"wp","href":"https:\/\/api.w.org\/{rel}","templated":true}]}}